{"id":4441,"date":"2022-11-08T12:41:11","date_gmt":"2022-11-08T11:41:11","guid":{"rendered":"https:\/\/www.cmiindustries.it\/chi-siamo\/"},"modified":"2026-04-30T09:50:35","modified_gmt":"2026-04-30T07:50:35","slug":"quienes-somos","status":"publish","type":"page","link":"https:\/\/www.cmiindustries.it\/es\/quienes-somos\/","title":{"rendered":"Qui\u00e9nes somos"},"content":{"rendered":"<section class=\"l-section wpb_row us_custom_a5120c68 height_auto\"><div class=\"l-section-h i-cf\"><div class=\"g-cols vc_row via_grid cols_2 laptops-cols_inherit tablets-cols_inherit mobiles-cols_1 valign_top type_default stacking_default\"><div class=\"wpb_column vc_column_container\"><div class=\"vc_column-inner\"><div class=\"wpb_text_column us_custom_432d3f53\"><div class=\"wpb_wrapper\"><p>Desde 1982, CMI Industries se dedica al dise\u00f1o y fabricaci\u00f3n de maquinaria y l\u00edneas para el envasado de productos qu\u00edmicos, cosm\u00e9ticos, parafarmac\u00e9uticos y alimentarios.<\/p>\n<p>Nuestra producci\u00f3n se destaca por el equilibrio perfecto entre tecnolog\u00edas avanzadas, eficiencia elevada, flexibilidad operativa, bajos consumos energ\u00e9ticos y una relaci\u00f3n calidad-precio altamente competitiva.<\/p>\n<p>La personalizaci\u00f3n de las soluciones seg\u00fan las necesidades de nuestros clientes es el n\u00facleo de la misi\u00f3n empresarial, ofreciendo simplicidad de uso con elevados est\u00e1ndares de calidad. El dise\u00f1o y la realizaci\u00f3n de cada detalle de la maquinaria se llevan a cabo internamente, abordando cada nuevo proyecto con pasi\u00f3n, entusiasmo y atenci\u00f3n.<\/p>\n<\/div><\/div><div class=\"w-separator us_custom_b6a72ce1 size_small\"><\/div><\/div><\/div><div class=\"wpb_column vc_column_container\"><div class=\"vc_column-inner\"><div class=\"wpb_text_column us_custom_432d3f53\"><div class=\"wpb_wrapper\"><p>Durante nuestros 40 a\u00f1os de experiencia hemos adquirido altas habilidades en la resoluci\u00f3n t\u00e9cnica de las necesidades de embalaje, a veces desarrollando maquinaria espec\u00edfica para cada cliente.<\/p>\n<p>Las numerosas <span style=\"color: #0c3f6c;\"><strong>patentes<\/strong> <\/span>depositadas atestiguan la capacidad de ofrecer soluciones especiales y exclusivas. Cada l\u00ednea se prueba en nuestra instalaci\u00f3n antes de la entrega, simulando fielmente la producci\u00f3n final y cuidando cada detalle.<\/p>\n<p>Nuestra historia est\u00e1 marcada por el compromiso constante hacia la innovaci\u00f3n y la excelencia. Con determinaci\u00f3n y pasi\u00f3n seguimos siendo un referente en la industria, asegurando personalizaciones exclusivas para las necesidades de nuestros clientes.<\/p>\n<\/div><\/div><\/div><\/div><\/div><\/div><\/section><section class=\"l-section wpb_row us_custom_550abce3 height_auto\"><div class=\"l-section-h i-cf\"><div class=\"g-cols vc_row via_grid cols_1 laptops-cols_inherit tablets-cols_inherit mobiles-cols_1 valign_top type_default stacking_default\"><div class=\"wpb_column vc_column_container\"><div class=\"vc_column-inner\"><div class=\"w-separator size_small\"><\/div><div class=\"w-btn-wrapper align_center\"><a class=\"w-btn us-btn-style_1 us_custom_58089712 has_text_color\" id=\"hover-blu\" target=\"_blank\" rel=\"nofollow\" href=\"\/wp-content\/uploads\/2026\/01\/CMI_COMPANY-PROFILE-2026.pdf\"><span class=\"w-btn-label\">Descargar el Company Profile<\/span><\/a><\/div><\/div><\/div><\/div><\/div><\/section><section class=\"l-section wpb_row us_custom_9aa56977 height_medium\"><div class=\"l-section-overlay\" style=\"background:#f8f8f8\"><\/div><div class=\"l-section-h i-cf\"><div class=\"g-cols vc_row via_grid cols_4 laptops-cols_inherit tablets-cols_inherit mobiles-cols_1 valign_top type_default stacking_default\"><div class=\"wpb_column vc_column_container\"><div class=\"vc_column-inner\"><div class=\"w-counter color_primary align_center\" data-duration=\"3\"><div class=\"w-counter-value\"><span class=\"w-counter-value-part type_text\" data-final=\"\"><\/span><span class=\"w-counter-value-part type_number\" data-final=\"43\">1<\/span><span class=\"w-counter-value-part type_text\" data-final=\"\"><\/span><\/div><h5 class=\"w-counter-title\" style=\"font-weight:600;\">A\u00f1os de experiencia<\/h5><\/div><\/div><\/div><div class=\"wpb_column vc_column_container center-on-mobile\"><div class=\"vc_column-inner\"><div class=\"w-counter color_primary align_center\" data-duration=\"3\"><div class=\"w-counter-value\"><span class=\"w-counter-value-part type_text\" data-final=\"\"><\/span><span class=\"w-counter-value-part type_number\" data-final=\"2740\">1<\/span><span class=\"w-counter-value-part type_text\" data-final=\"\"><\/span><\/div><h5 class=\"w-counter-title\" style=\"font-weight:600;\">Clientes<\/h5><\/div><\/div><\/div><div class=\"wpb_column vc_column_container\"><div class=\"vc_column-inner\"><div class=\"w-counter color_primary align_center\" data-duration=\"3\"><div class=\"w-counter-value\"><span class=\"w-counter-value-part type_text\" data-final=\"\"><\/span><span class=\"w-counter-value-part type_number\" data-final=\"97\">1<\/span><span class=\"w-counter-value-part type_text\" data-final=\"\"><\/span><\/div><h5 class=\"w-counter-title\" style=\"font-weight:600;\">Pa\u00edses<\/h5><\/div><\/div><\/div><div class=\"wpb_column vc_column_container\"><div class=\"vc_column-inner\"><div class=\"w-counter color_primary align_center\" data-duration=\"3\"><div class=\"w-counter-value\"><span class=\"w-counter-value-part type_text\" data-final=\"\"><\/span><span class=\"w-counter-value-part type_number\" data-final=\"5700\">1<\/span><span class=\"w-counter-value-part type_text\" data-final=\"\"><\/span><\/div><h5 class=\"w-counter-title\" style=\"font-weight:600;\">Equipos instalados<\/h5><\/div><\/div><\/div><\/div><\/div><\/section><section class=\"l-section wpb_row height_auto width_full\"><div class=\"l-section-h i-cf\"><div class=\"g-cols vc_row via_grid cols_2 laptops-cols_inherit tablets-cols_inherit mobiles-cols_1 valign_middle type_default reversed stacking_default\" style=\"--columns-gap:0rem;\"><div class=\"wpb_column vc_column_container us_custom_2c4f4a12\"><div class=\"vc_column-inner\"><div class=\"w-image align_none\"><div class=\"w-image-h\"><img decoding=\"async\" width=\"800\" height=\"285\" src=\"https:\/\/www.cmiindustries.it\/wp-content\/uploads\/2022\/12\/artigianalita-italiana-chi-siamo-CMI.webp\" class=\"attachment-large size-large\" alt=\"\" loading=\"lazy\" srcset=\"https:\/\/www.cmiindustries.it\/wp-content\/uploads\/2022\/12\/artigianalita-italiana-chi-siamo-CMI.webp 800w, https:\/\/www.cmiindustries.it\/wp-content\/uploads\/2022\/12\/artigianalita-italiana-chi-siamo-CMI-300x107.webp 300w\" sizes=\"auto, (max-width: 800px) 100vw, 800px\" \/><\/div><\/div><div class=\"w-image us_custom_a954c814 style_shadow-1 has_height align_none\"><div class=\"w-image-h\"><img decoding=\"async\" width=\"800\" height=\"10\" src=\"https:\/\/www.cmiindustries.it\/wp-content\/uploads\/2023\/01\/bandiera-italiana-cmi.webp\" class=\"attachment-us_1536_1536 size-us_1536_1536\" alt=\"\" loading=\"lazy\" srcset=\"https:\/\/www.cmiindustries.it\/wp-content\/uploads\/2023\/01\/bandiera-italiana-cmi.webp 800w, https:\/\/www.cmiindustries.it\/wp-content\/uploads\/2023\/01\/bandiera-italiana-cmi-300x4.webp 300w\" sizes=\"auto, (max-width: 800px) 100vw, 800px\" \/><\/div><\/div><div class=\"w-separator size_medium\"><\/div><\/div><\/div><div class=\"wpb_column vc_column_container us_custom_0728b4ce\"><div class=\"vc_column-inner\"><div class=\"wpb_text_column us_custom_432d3f53 small\"><div class=\"wpb_wrapper\"><h2>Artesan\u00eda italiana<\/h2>\n<p>Nuestra producci\u00f3n se lleva a cabo por completo en Italia.<\/p>\n<p>Cada componente de nuestras m\u00e1quinas se produce internamente en nuestras instalaciones o se suministra por empresas locales, principalmente ubicadas en la misma \u00e1rea geogr\u00e1fica. Esta elecci\u00f3n nos permite asegurar un cuidado artesanal en los detalles, supervisando la calidad de los procesos y las fases de ensamblaje.<\/p>\n<p>Elegir nuestras m\u00e1quinas o soluciones significa adquirir un producto dise\u00f1ado y fabricado al 100% en Italia.<\/p>\n<\/div><\/div><\/div><\/div><\/div><\/div><\/section><section class=\"l-section wpb_row height_medium width_full\"><div class=\"l-section-h i-cf\"><div class=\"g-cols vc_row via_grid cols_2 laptops-cols_inherit tablets-cols_inherit mobiles-cols_1 valign_middle type_default stacking_default\" style=\"--columns-gap:0rem;\"><div class=\"wpb_column vc_column_container us_custom_0728b4ce\"><div class=\"vc_column-inner\"><div class=\"wpb_text_column us_custom_432d3f53 small\"><div class=\"wpb_wrapper\"><h2>Personalizaci\u00f3n<\/h2>\n<p>Desde siempre, las m\u00e1quinas y l\u00edneas de CMI Industries son sin\u00f3nimo de personalizaci\u00f3n.<\/p>\n<p>Desde l\u00edneas ultracompactas para espacios limitados hasta soluciones de gran tama\u00f1o; desde configuraciones de manejo complejo hasta procesos de tratamiento a temperaturas extremas, incluidas las l\u00edneas destinadas a productos alimenticios. En nuestra experiencia de m\u00e1s de cuarenta a\u00f1os, hemos probado e integrado las mejores tecnolog\u00edas.<\/p>\n<p>Cualquiera sea vuestra necesidad de producci\u00f3n, con nosotros tendr\u00e9is la perfecta soluci\u00f3n.<\/p>\n<\/div><\/div><\/div><\/div><div class=\"wpb_column vc_column_container\"><div class=\"vc_column-inner\"><div class=\"w-image align_none\"><div class=\"w-image-h\"><img decoding=\"async\" width=\"1024\" height=\"678\" src=\"https:\/\/www.cmiindustries.it\/wp-content\/uploads\/2023\/01\/personalizzazione2.webp\" class=\"attachment-large size-large\" alt=\"\" loading=\"lazy\" srcset=\"https:\/\/www.cmiindustries.it\/wp-content\/uploads\/2023\/01\/personalizzazione2.webp 1024w, https:\/\/www.cmiindustries.it\/wp-content\/uploads\/2023\/01\/personalizzazione2-300x199.webp 300w\" sizes=\"auto, (max-width: 1024px) 100vw, 1024px\" \/><\/div><\/div><\/div><\/div><\/div><\/div><\/section><section class=\"l-section wpb_row height_medium width_full\"><div class=\"l-section-h i-cf\"><div class=\"g-cols vc_row via_grid cols_2 laptops-cols_inherit tablets-cols_inherit mobiles-cols_1 valign_top type_default reversed stacking_default\"><div class=\"wpb_column vc_column_container us_custom_0728b4ce center-on-mobile\"><div class=\"vc_column-inner\"><div class=\"w-image align_none\"><div class=\"w-image-h\"><img decoding=\"async\" width=\"1024\" height=\"189\" src=\"https:\/\/www.cmiindustries.it\/wp-content\/uploads\/2023\/03\/layout-macchine-16-03-2023_1-2.webp\" class=\"attachment-large size-large\" alt=\"\" loading=\"lazy\" srcset=\"https:\/\/www.cmiindustries.it\/wp-content\/uploads\/2023\/03\/layout-macchine-16-03-2023_1-2.webp 1024w, https:\/\/www.cmiindustries.it\/wp-content\/uploads\/2023\/03\/layout-macchine-16-03-2023_1-2-300x55.webp 300w\" sizes=\"auto, (max-width: 1024px) 100vw, 1024px\" \/><\/div><\/div><div class=\"w-separator size_medium\"><\/div><div class=\"w-image style_shadow-1 align_none\"><div class=\"w-image-h\"><img decoding=\"async\" width=\"800\" height=\"10\" src=\"https:\/\/www.cmiindustries.it\/wp-content\/uploads\/2023\/01\/bandiera-italiana-cmi.webp\" class=\"attachment-large size-large\" alt=\"\" loading=\"lazy\" srcset=\"https:\/\/www.cmiindustries.it\/wp-content\/uploads\/2023\/01\/bandiera-italiana-cmi.webp 800w, https:\/\/www.cmiindustries.it\/wp-content\/uploads\/2023\/01\/bandiera-italiana-cmi-300x4.webp 300w\" sizes=\"auto, (max-width: 800px) 100vw, 800px\" \/><\/div><\/div><div class=\"w-separator size_small\"><\/div><div class=\"w-image align_none\"><div class=\"w-image-h\"><img decoding=\"async\" width=\"1024\" height=\"456\" src=\"https:\/\/www.cmiindustries.it\/wp-content\/uploads\/2023\/03\/layout-macchine-16-03-2023_2-2.webp\" class=\"attachment-large size-large\" alt=\"\" loading=\"lazy\" srcset=\"https:\/\/www.cmiindustries.it\/wp-content\/uploads\/2023\/03\/layout-macchine-16-03-2023_2-2.webp 1024w, https:\/\/www.cmiindustries.it\/wp-content\/uploads\/2023\/03\/layout-macchine-16-03-2023_2-2-300x134.webp 300w\" sizes=\"auto, (max-width: 1024px) 100vw, 1024px\" \/><\/div><\/div><\/div><\/div><div class=\"wpb_column vc_column_container us_custom_0728b4ce\"><div class=\"vc_column-inner\"><div class=\"wpb_text_column\"><div class=\"wpb_wrapper\"><h2>L\u00edneas completas<\/h2>\n<p>CMI Industries destaca como una de las pocas empresas en el panorama industrial que se ocupa de la producci\u00f3n e instalaci\u00f3n de l\u00edneas completas de envasado.<\/p>\n<p>Independientemente del sector de producci\u00f3n, estamos especializados en la integraci\u00f3n de l\u00edneas avanzadas, incluyendo plantas mezcladoras, m\u00e1quinas de despaletizaci\u00f3n, m\u00e1quinas posicionadoras, llenadoras, taponadoras, encartonadoras, etiquetadoras cl\u00e1sicas, etiquetadoras termocontraibles y robots de paletizaci\u00f3n.<\/p>\n<p>Nuestras soluciones de ingenier\u00eda est\u00e1n dise\u00f1adas para garantizar un flujo de producci\u00f3n continuo y constante, gestionando de manera eficiente la distribuci\u00f3n y movilizaci\u00f3n del producto a envasar a trav\u00e9s de las diversas m\u00e1quinas que componen la l\u00ednea. Ya sea en instalaciones autom\u00e1ticas o semiautom\u00e1ticas, nuestra prioridad es asegurar facilidad de uso y m\u00e1xima flexibilidad operativa.<\/p>\n<p>Las dimensiones compactas de las m\u00e1quinas permiten la implementaci\u00f3n de disposiciones funcionales y racionalizadas que minimizan el uso de mano de obra.<\/p>\n<\/div><\/div><div class=\"w-separator size_small\"><\/div><div class=\"w-popup w-btn-wrapper align_none\"><button type=\"button\" aria-label=\"Ver Video\" class=\"w-popup-trigger type_btn w-btn us-btn-style_7 icon_atleft\"><i class=\"fal fa-play\"><\/i><span class=\"w-btn-label\">Ver Video<\/span><\/button><div class=\"w-popup-overlay\" style=\"background:rgba(0,0,0,0.85);\"><\/div><div class=\"w-popup-wrap layout_default\" role=\"dialog\" aria-modal=\"true\" aria-label=\"Ver Video\" style=\"--title-color:var(--color-content-heading);--title-bg-color:var(--color-content-bg-alt);--content-color:var(--color-content-text);--content-bg-color:var(--color-content-bg);--popup-width:600px;--popup-padding:5%;\"><button aria-label=\"Cerrar\" class=\"w-popup-closer\" type=\"button\"><\/button><div class=\"w-popup-box animation_fadeIn closerpos_outside without_title\"><div class=\"w-popup-box-h\"><div class=\"w-popup-box-content\"><p><iframe loading=\"lazy\" title=\"Complete line\" width=\"640\" height=\"360\" src=\"https:\/\/www.youtube.com\/embed\/kebMPKGTNaw?feature=oembed&#038;enablejsapi=1&#038;origin=https:\/\/www.cmiindustries.it\" frameborder=\"0\" allow=\"accelerometer; autoplay; clipboard-write; encrypted-media; gyroscope; picture-in-picture; web-share\" referrerpolicy=\"strict-origin-when-cross-origin\" allowfullscreen><\/iframe><\/p>\n<\/div><\/div><\/div><\/div><\/div><\/div><\/div><\/div><\/div><\/section><section class=\"l-section wpb_row height_auto width_full\"><div class=\"l-section-h i-cf\"><div class=\"g-cols vc_row via_grid cols_2 laptops-cols_inherit tablets-cols_inherit mobiles-cols_1 valign_middle type_default stacking_default\" style=\"--columns-gap:0rem;\"><div class=\"wpb_column vc_column_container us_custom_0728b4ce\"><div class=\"vc_column-inner\"><div class=\"wpb_text_column us_custom_432d3f53 small\"><div class=\"wpb_wrapper\"><h2>Atenci\u00f3n al cliente<\/h2>\n<p>Nuestras m\u00e1quinas son mundialmente reconocidas por su fiabilidad, la cual cosa minimiza la necesidad de intervenciones t\u00e9cnicas, pero permanecemos atentos al cuidado y a la eficiencia de nuestras m\u00e1quinas.<\/p>\n<p>El departamento t\u00e9cnico postventa interviene tanto de manera remota como in situ para necesidades mec\u00e1nicas, el\u00e9ctricas o electr\u00f3nicas. Nuestro almac\u00e9n est\u00e1 constantemente surtido de piezas de repuesto listas para ser enviadas r\u00e1pidamente a cualquier parte del mundo.<\/p>\n<p>Para atender las necesidades de cambio o expansi\u00f3n de la producci\u00f3n, como por ejemplo, incorporar una nueva botella, tapa o un nuevo producto en el proceso productivo, ofrecemos un servicio de asistencia estudiando e implementando las adaptaciones necesarias a las m\u00e1quinas.<\/p>\n<p>Y para las m\u00e1quinas m\u00e1s antiguas, cuando es posible, ofrecemos un servicio de modernizaci\u00f3n (revamping), implement\u00e1ndolas con las soluciones de producci\u00f3n m\u00e1s recientes para hacerlas equivalentes a los nuevos modelos. Nuestro compromiso es garantizar que nuestros clientes est\u00e9n siempre a la vanguardia con lo \u00faltimo del sector.<\/p>\n<\/div><\/div><div class=\"w-separator size_medium\"><\/div><\/div><\/div><div class=\"wpb_column vc_column_container us_custom_2c4f4a12\"><div class=\"vc_column-inner\"><div class=\"w-image us_custom_c4907899 align_center\"><div class=\"w-image-h\"><img decoding=\"async\" width=\"701\" height=\"700\" src=\"https:\/\/www.cmiindustries.it\/wp-content\/uploads\/2024\/01\/processo-chi-siamo-ESP.webp\" class=\"attachment-large size-large\" alt=\"\" loading=\"lazy\" srcset=\"https:\/\/www.cmiindustries.it\/wp-content\/uploads\/2024\/01\/processo-chi-siamo-ESP.webp 701w, https:\/\/www.cmiindustries.it\/wp-content\/uploads\/2024\/01\/processo-chi-siamo-ESP-300x300.webp 300w, https:\/\/www.cmiindustries.it\/wp-content\/uploads\/2024\/01\/processo-chi-siamo-ESP-150x150.webp 150w\" sizes=\"auto, (max-width: 701px) 100vw, 701px\" \/><\/div><\/div><\/div><\/div><\/div><\/div><\/section>\n","protected":false},"excerpt":{"rendered":"Desde 1982, CMI Industries se dedica al dise\u00f1o y fabricaci\u00f3n de maquinaria y l\u00edneas para el envasado de productos qu\u00edmicos, cosm\u00e9ticos, parafarmac\u00e9uticos y alimentarios. Nuestra producci\u00f3n se destaca por el equilibrio perfecto entre tecnolog\u00edas avanzadas, eficiencia elevada, flexibilidad operativa, bajos consumos energ\u00e9ticos y una relaci\u00f3n calidad-precio altamente competitiva. La personalizaci\u00f3n de las soluciones seg\u00fan las...","protected":false},"author":8,"featured_media":0,"parent":0,"menu_order":0,"comment_status":"closed","ping_status":"closed","template":"","meta":{"footnotes":""},"class_list":["post-4441","page","type-page","status-publish","hentry"],"yoast_head":"<!-- This site is optimized with the Yoast SEO plugin v26.8 - https:\/\/yoast.com\/product\/yoast-seo-wordpress\/ -->\n<title>Qui\u00e9nes somos - CMI Industries<\/title>\n<meta name=\"description\" content=\"CMI Industries dise\u00f1a y fabrica maquinaria innovadora y altamente tecnol\u00f3gica para el llenado y taponado de productos.\" \/>\n<meta name=\"robots\" content=\"index, follow, max-snippet:-1, max-image-preview:large, max-video-preview:-1\" \/>\n<link rel=\"canonical\" href=\"https:\/\/www.cmiindustries.it\/es\/quienes-somos\/\" \/>\n<meta property=\"og:locale\" content=\"es_ES\" \/>\n<meta property=\"og:type\" content=\"article\" \/>\n<meta property=\"og:title\" content=\"Qui\u00e9nes somos - CMI Industries\" \/>\n<meta property=\"og:description\" content=\"CMI Industries progetta e realizza macchinari innovativi e altamente tecnologici per il riempimento e la tappatura di prodotti.\" \/>\n<meta property=\"og:url\" content=\"https:\/\/www.cmiindustries.it\/es\/quienes-somos\/\" \/>\n<meta property=\"og:site_name\" content=\"CMI Industries\" \/>\n<meta property=\"article:modified_time\" content=\"2026-04-30T07:50:35+00:00\" \/>\n<meta name=\"twitter:card\" content=\"summary_large_image\" \/>\n<meta name=\"twitter:title\" content=\"Qui\u00e9nes somos - CMI Industries\" \/>\n<meta name=\"twitter:description\" content=\"CMI Industries progetta e realizza macchinari innovativi e altamente tecnologici per il riempimento e la tappatura di prodotti.\" \/>\n<meta name=\"twitter:label1\" content=\"Tiempo de lectura\" \/>\n\t<meta name=\"twitter:data1\" content=\"5 minutos\" \/>\n<script type=\"application\/ld+json\" class=\"yoast-schema-graph\">{\"@context\":\"https:\/\/schema.org\",\"@graph\":[{\"@type\":[\"WebPage\",\"AboutPage\"],\"@id\":\"https:\/\/www.cmiindustries.it\/es\/quienes-somos\/\",\"url\":\"https:\/\/www.cmiindustries.it\/es\/quienes-somos\/\",\"name\":\"Qui\u00e9nes somos - CMI Industries\",\"isPartOf\":{\"@id\":\"https:\/\/www.cmiindustries.it\/en\/#website\"},\"datePublished\":\"2022-11-08T11:41:11+00:00\",\"dateModified\":\"2026-04-30T07:50:35+00:00\",\"description\":\"CMI Industries dise\u00f1a y fabrica maquinaria innovadora y altamente tecnol\u00f3gica para el llenado y taponado de productos.\",\"breadcrumb\":{\"@id\":\"https:\/\/www.cmiindustries.it\/es\/quienes-somos\/#breadcrumb\"},\"inLanguage\":\"es\",\"potentialAction\":[{\"@type\":\"ReadAction\",\"target\":[\"https:\/\/www.cmiindustries.it\/es\/quienes-somos\/\"]}]},{\"@type\":\"BreadcrumbList\",\"@id\":\"https:\/\/www.cmiindustries.it\/es\/quienes-somos\/#breadcrumb\",\"itemListElement\":[{\"@type\":\"ListItem\",\"position\":1,\"name\":\"Home\",\"item\":\"https:\/\/www.cmiindustries.it\/es\/\"},{\"@type\":\"ListItem\",\"position\":2,\"name\":\"Qui\u00e9nes somos\"}]},{\"@type\":\"WebSite\",\"@id\":\"https:\/\/www.cmiindustries.it\/en\/#website\",\"url\":\"https:\/\/www.cmiindustries.it\/en\/\",\"name\":\"CMI Industries\",\"description\":\"\",\"publisher\":{\"@id\":\"https:\/\/www.cmiindustries.it\/en\/#organization\"},\"potentialAction\":[{\"@type\":\"SearchAction\",\"target\":{\"@type\":\"EntryPoint\",\"urlTemplate\":\"https:\/\/www.cmiindustries.it\/en\/?s={search_term_string}\"},\"query-input\":{\"@type\":\"PropertyValueSpecification\",\"valueRequired\":true,\"valueName\":\"search_term_string\"}}],\"inLanguage\":\"es\"},{\"@type\":\"Organization\",\"@id\":\"https:\/\/www.cmiindustries.it\/en\/#organization\",\"name\":\"CMI Industries\",\"alternateName\":\"CMI Industries\",\"url\":\"https:\/\/www.cmiindustries.it\/en\/\",\"logo\":{\"@type\":\"ImageObject\",\"inLanguage\":\"es\",\"@id\":\"https:\/\/www.cmiindustries.it\/en\/#\/schema\/logo\/image\/\",\"url\":\"https:\/\/www.cmiindustries.it\/wp-content\/uploads\/2022\/12\/CMI_logo_sfumato_grigio-1.png\",\"contentUrl\":\"https:\/\/www.cmiindustries.it\/wp-content\/uploads\/2022\/12\/CMI_logo_sfumato_grigio-1.png\",\"width\":2077,\"height\":829,\"caption\":\"CMI Industries\"},\"image\":{\"@id\":\"https:\/\/www.cmiindustries.it\/en\/#\/schema\/logo\/image\/\"},\"sameAs\":[\"https:\/\/www.linkedin.com\/company\/cmiindustries\/\",\"https:\/\/www.youtube.com\/c\/CMISpa\"]}]}<\/script>\n<!-- \/ Yoast SEO plugin. -->","yoast_head_json":{"title":"Qui\u00e9nes somos - CMI Industries","description":"CMI Industries dise\u00f1a y fabrica maquinaria innovadora y altamente tecnol\u00f3gica para el llenado y taponado de productos.","robots":{"index":"index","follow":"follow","max-snippet":"max-snippet:-1","max-image-preview":"max-image-preview:large","max-video-preview":"max-video-preview:-1"},"canonical":"https:\/\/www.cmiindustries.it\/es\/quienes-somos\/","og_locale":"es_ES","og_type":"article","og_title":"Qui\u00e9nes somos - CMI Industries","og_description":"CMI Industries progetta e realizza macchinari innovativi e altamente tecnologici per il riempimento e la tappatura di prodotti.","og_url":"https:\/\/www.cmiindustries.it\/es\/quienes-somos\/","og_site_name":"CMI Industries","article_modified_time":"2026-04-30T07:50:35+00:00","twitter_card":"summary_large_image","twitter_title":"Qui\u00e9nes somos - CMI Industries","twitter_description":"CMI Industries progetta e realizza macchinari innovativi e altamente tecnologici per il riempimento e la tappatura di prodotti.","twitter_misc":{"Tiempo de lectura":"5 minutos"},"schema":{"@context":"https:\/\/schema.org","@graph":[{"@type":["WebPage","AboutPage"],"@id":"https:\/\/www.cmiindustries.it\/es\/quienes-somos\/","url":"https:\/\/www.cmiindustries.it\/es\/quienes-somos\/","name":"Qui\u00e9nes somos - CMI Industries","isPartOf":{"@id":"https:\/\/www.cmiindustries.it\/en\/#website"},"datePublished":"2022-11-08T11:41:11+00:00","dateModified":"2026-04-30T07:50:35+00:00","description":"CMI Industries dise\u00f1a y fabrica maquinaria innovadora y altamente tecnol\u00f3gica para el llenado y taponado de productos.","breadcrumb":{"@id":"https:\/\/www.cmiindustries.it\/es\/quienes-somos\/#breadcrumb"},"inLanguage":"es","potentialAction":[{"@type":"ReadAction","target":["https:\/\/www.cmiindustries.it\/es\/quienes-somos\/"]}]},{"@type":"BreadcrumbList","@id":"https:\/\/www.cmiindustries.it\/es\/quienes-somos\/#breadcrumb","itemListElement":[{"@type":"ListItem","position":1,"name":"Home","item":"https:\/\/www.cmiindustries.it\/es\/"},{"@type":"ListItem","position":2,"name":"Qui\u00e9nes somos"}]},{"@type":"WebSite","@id":"https:\/\/www.cmiindustries.it\/en\/#website","url":"https:\/\/www.cmiindustries.it\/en\/","name":"CMI Industries","description":"","publisher":{"@id":"https:\/\/www.cmiindustries.it\/en\/#organization"},"potentialAction":[{"@type":"SearchAction","target":{"@type":"EntryPoint","urlTemplate":"https:\/\/www.cmiindustries.it\/en\/?s={search_term_string}"},"query-input":{"@type":"PropertyValueSpecification","valueRequired":true,"valueName":"search_term_string"}}],"inLanguage":"es"},{"@type":"Organization","@id":"https:\/\/www.cmiindustries.it\/en\/#organization","name":"CMI Industries","alternateName":"CMI Industries","url":"https:\/\/www.cmiindustries.it\/en\/","logo":{"@type":"ImageObject","inLanguage":"es","@id":"https:\/\/www.cmiindustries.it\/en\/#\/schema\/logo\/image\/","url":"https:\/\/www.cmiindustries.it\/wp-content\/uploads\/2022\/12\/CMI_logo_sfumato_grigio-1.png","contentUrl":"https:\/\/www.cmiindustries.it\/wp-content\/uploads\/2022\/12\/CMI_logo_sfumato_grigio-1.png","width":2077,"height":829,"caption":"CMI Industries"},"image":{"@id":"https:\/\/www.cmiindustries.it\/en\/#\/schema\/logo\/image\/"},"sameAs":["https:\/\/www.linkedin.com\/company\/cmiindustries\/","https:\/\/www.youtube.com\/c\/CMISpa"]}]}},"_links":{"self":[{"href":"https:\/\/www.cmiindustries.it\/es\/wp-json\/wp\/v2\/pages\/4441","targetHints":{"allow":["GET"]}}],"collection":[{"href":"https:\/\/www.cmiindustries.it\/es\/wp-json\/wp\/v2\/pages"}],"about":[{"href":"https:\/\/www.cmiindustries.it\/es\/wp-json\/wp\/v2\/types\/page"}],"author":[{"embeddable":true,"href":"https:\/\/www.cmiindustries.it\/es\/wp-json\/wp\/v2\/users\/8"}],"replies":[{"embeddable":true,"href":"https:\/\/www.cmiindustries.it\/es\/wp-json\/wp\/v2\/comments?post=4441"}],"version-history":[{"count":15,"href":"https:\/\/www.cmiindustries.it\/es\/wp-json\/wp\/v2\/pages\/4441\/revisions"}],"predecessor-version":[{"id":5934,"href":"https:\/\/www.cmiindustries.it\/es\/wp-json\/wp\/v2\/pages\/4441\/revisions\/5934"}],"wp:attachment":[{"href":"https:\/\/www.cmiindustries.it\/es\/wp-json\/wp\/v2\/media?parent=4441"}],"curies":[{"name":"wp","href":"https:\/\/api.w.org\/{rel}","templated":true}]}}