{"id":4540,"date":"2023-01-11T12:45:40","date_gmt":"2023-01-11T11:45:40","guid":{"rendered":"https:\/\/www.cmiindustries.it\/richiesta-cataloghi\/"},"modified":"2024-01-26T13:19:20","modified_gmt":"2024-01-26T12:19:20","slug":"solicitar-catalogos","status":"publish","type":"page","link":"https:\/\/www.cmiindustries.it\/es\/solicitar-catalogos\/","title":{"rendered":"Solicitar Cat\u00e1logos"},"content":{"rendered":"<section class=\"l-section wpb_row us_custom_6618e26b height_medium\"><div class=\"l-section-h i-cf\"><div class=\"g-cols vc_row via_grid cols_2 laptops-cols_inherit tablets-cols_inherit mobiles-cols_1 valign_top type_default stacking_default\"><div class=\"wpb_column vc_column_container\"><div class=\"vc_column-inner\"><div class=\"wpb_text_column\"><div class=\"wpb_wrapper\"><p>Para descargar los cat\u00e1logos de Cmi Industries es necesario completar el siguiente formulario, recibir\u00e1 la contrase\u00f1a por correo electr\u00f3nico.<\/p>\n<\/div><\/div><div class=\"w-separator size_small\"><\/div><div class=\"wpb_text_column\"><div class=\"wpb_wrapper\">\n<div class=\"wpcf7 no-js\" id=\"wpcf7-f4507-o1\" lang=\"es-ES\" dir=\"ltr\" data-wpcf7-id=\"4507\">\n<div class=\"screen-reader-response\"><p role=\"status\" aria-live=\"polite\" aria-atomic=\"true\"><\/p> <ul><\/ul><\/div>\n<form action=\"\/es\/wp-json\/wp\/v2\/pages\/4540#wpcf7-f4507-o1\" method=\"post\" class=\"wpcf7-form init\" aria-label=\"Formulario de contacto\" novalidate=\"novalidate\" data-status=\"init\">\n<fieldset class=\"hidden-fields-container\"><input type=\"hidden\" name=\"_wpcf7\" value=\"4507\" \/><input type=\"hidden\" name=\"_wpcf7_version\" value=\"6.1.4\" \/><input type=\"hidden\" name=\"_wpcf7_locale\" value=\"es_ES\" \/><input type=\"hidden\" name=\"_wpcf7_unit_tag\" value=\"wpcf7-f4507-o1\" \/><input type=\"hidden\" name=\"_wpcf7_container_post\" value=\"0\" \/><input type=\"hidden\" name=\"_wpcf7_posted_data_hash\" value=\"\" \/><input type=\"hidden\" name=\"_wpcf7_recaptcha_response\" value=\"\" \/>\n<\/fieldset>\n<div class=\"column one-second\">\n\t<p><span class=\"wpcf7-form-control-wrap\" data-name=\"nome\"><input size=\"40\" maxlength=\"400\" class=\"wpcf7-form-control wpcf7-text wpcf7-validates-as-required\" aria-required=\"true\" aria-invalid=\"false\" placeholder=\"Nombre*\" value=\"\" type=\"text\" name=\"nome\" \/><\/span>\n\t<\/p>\n<\/div>\n<div class=\"column one-second\">\n\t<p><span class=\"wpcf7-form-control-wrap\" data-name=\"cognome\"><input size=\"40\" maxlength=\"400\" class=\"wpcf7-form-control wpcf7-text wpcf7-validates-as-required\" aria-required=\"true\" aria-invalid=\"false\" placeholder=\"Apellidos*\" value=\"\" type=\"text\" name=\"cognome\" \/><\/span>\n\t<\/p>\n<\/div>\n<div class=\"column one-second\">\n\t<p><span class=\"wpcf7-form-control-wrap\" data-name=\"azienda\"><input size=\"40\" maxlength=\"400\" class=\"wpcf7-form-control wpcf7-text wpcf7-validates-as-required\" aria-required=\"true\" aria-invalid=\"false\" placeholder=\"Empresa*\" value=\"\" type=\"text\" name=\"azienda\" \/><\/span>\n\t<\/p>\n<\/div>\n<div class=\"column one-second\">\n\t<p><span class=\"wpcf7-form-control-wrap\" data-name=\"email\"><input size=\"40\" maxlength=\"400\" class=\"wpcf7-form-control wpcf7-email wpcf7-validates-as-required wpcf7-text wpcf7-validates-as-email\" aria-required=\"true\" aria-invalid=\"false\" placeholder=\"Correo*\" value=\"\" type=\"email\" name=\"email\" \/><\/span>\n\t<\/p>\n<\/div>\n<div class=\"column one\">\n\t<p><span class=\"wpcf7-form-control-wrap\" data-name=\"telefono\"><input size=\"40\" maxlength=\"400\" class=\"wpcf7-form-control wpcf7-tel wpcf7-text wpcf7-validates-as-tel\" aria-invalid=\"false\" placeholder=\"Telefono\" value=\"\" type=\"tel\" name=\"telefono\" \/><\/span>\n\t<\/p>\n<\/div>\n<div class=\"column one\">\n\t<p>*Campos obligatorios<br \/>\n<span class=\"wpcf7-form-control-wrap\" data-name=\"privacy\"><span class=\"wpcf7-form-control wpcf7-acceptance\"><span class=\"wpcf7-list-item\"><label><input type=\"checkbox\" name=\"privacy\" value=\"1\" aria-invalid=\"false\" \/><span class=\"wpcf7-list-item-label\">Acepto el tratamiento de mis datos seg\u00fan la <a href=\"https:\/\/app.quiprivacy.it\/informativa\/15c3b478-80cc-43ce-a632-0d7af880dbcc\" target=\"_blank\">pol\u00edtica de privacidad<\/a><\/span><\/label><\/span><\/span><\/span><br \/>\n<span class=\"wpcf7-form-control-wrap\" data-name=\"dem\"><span class=\"wpcf7-form-control wpcf7-acceptance optional\"><span class=\"wpcf7-list-item\"><label><input type=\"checkbox\" name=\"dem\" value=\"1\" aria-invalid=\"false\" \/><span class=\"wpcf7-list-item-label\">Acepto recibir correos electr\u00f3nicos con material informativo, noticias y promociones de ventas relacionadas con sus productos y servicios. (Puede darse de baja en cualquier momento a trav\u00e9s del enlace que aparece en cada bolet\u00edn que le enviamos).<\/span><\/label><\/span><\/span><\/span><br \/>\n<input class=\"wpcf7-form-control wpcf7-submit has-spinner\" type=\"submit\" value=\"Enviar\" \/>\n\t<\/p>\n<\/div><div class=\"wpcf7-response-output\" aria-hidden=\"true\"><\/div>\n<\/form>\n<\/div>\n\n<\/div><\/div><\/div><\/div><div class=\"wpb_column vc_column_container\"><div class=\"vc_column-inner\"><div class=\"w-image align_none\"><div class=\"w-image-h\"><img decoding=\"async\" width=\"250\" height=\"85\" src=\"https:\/\/www.cmiindustries.it\/wp-content\/uploads\/2023\/01\/CMI_logo_sfumato_grigio250.webp\" class=\"attachment-large size-large\" alt=\"\" loading=\"lazy\" \/><\/div><\/div><div class=\"w-separator size_medium\"><\/div><div class=\"wpb_text_column\"><div class=\"wpb_wrapper\"><h4>CMI Industries Spa<\/h4>\n<p>CF\/PI: 11736710960 &#8211; R.I. Milano N. 11736710960 &#8211; N. REA MI2621989<\/p>\n<p><strong>Sede operativa y administrativa<br \/>\n<\/strong>Via Mezzomerico 47, 28040 Marano Ticino (NO), Italia<br \/>\nTel. <a href=\"tel:+39032191144\">+39 0321 91144<\/a> &#8211; Fax. +39 0321 992693<\/p>\n<p><b>Sede fiscal<br \/>\n<\/b>Via Larga 15, 20122 Milano (MI), Italia &#8211; Email. <a href=\"mailto:info@cmiindustries.it\">info@cmiindustries.it<\/a><\/p>\n<\/div><\/div><div class=\"w-separator size_medium\"><\/div><div class=\"wpb_text_column\"><div class=\"wpb_wrapper\"><p>Si quieres unirte a nuestro equipo env\u00eda tu solicitud a <a href=\"mailto:info@cmiindustries.it\">info@cmiindustries.it<\/a><\/p>\n<\/div><\/div><div class=\"w-separator size_small\"><\/div><div class=\"w-socials color_brand shape_circle style_colored hover_none\" style=\"--gap:2em;\"><div class=\"w-socials-list\"><div class=\"w-socials-item linkedin\"><a target=\"_blank\" rel=\"nofollow\" href=\"https:\/\/www.linkedin.com\/company\/cmiindustries\/\" class=\"w-socials-item-link\" aria-label=\"LinkedIn\"><span class=\"w-socials-item-link-hover\"><\/span><i class=\"fab fa-linkedin\"><\/i><\/a><div class=\"w-socials-item-popup\"><span>LinkedIn<\/span><\/div><\/div><div class=\"w-socials-item youtube\"><a target=\"_blank\" rel=\"nofollow\" href=\"https:\/\/www.youtube.com\/c\/CMISpa\" class=\"w-socials-item-link\" aria-label=\"YouTube\"><span class=\"w-socials-item-link-hover\"><\/span><i class=\"fab fa-youtube\"><\/i><\/a><div class=\"w-socials-item-popup\"><span>YouTube<\/span><\/div><\/div><\/div><\/div><\/div><\/div><\/div><\/div><\/section>\n","protected":false},"excerpt":{"rendered":"Para descargar los cat\u00e1logos de Cmi Industries es necesario completar el siguiente formulario, recibir\u00e1 la contrase\u00f1a por correo electr\u00f3nico. *Campos obligatorios Acepto el tratamiento de mis datos seg\u00fan la pol\u00edtica de privacidad Acepto recibir correos electr\u00f3nicos con material informativo, noticias y promociones de ventas relacionadas con sus productos y servicios. (Puede darse de baja en...","protected":false},"author":8,"featured_media":0,"parent":0,"menu_order":0,"comment_status":"closed","ping_status":"closed","template":"","meta":{"footnotes":""},"class_list":["post-4540","page","type-page","status-publish","hentry"],"yoast_head":"<!-- This site is optimized with the Yoast SEO plugin v26.8 - https:\/\/yoast.com\/product\/yoast-seo-wordpress\/ -->\n<title>Solicitar Cat\u00e1logos - CMI Industries<\/title>\n<meta name=\"description\" content=\"Cont\u00e1ctenos para solicitar los cat\u00e1logos actualizados de CMI Industries y descubrir nuestra gama de maquinaria de embalaje.\" \/>\n<meta name=\"robots\" content=\"index, follow, max-snippet:-1, max-image-preview:large, max-video-preview:-1\" \/>\n<link rel=\"canonical\" href=\"https:\/\/www.cmiindustries.it\/es\/solicitar-catalogos\/\" \/>\n<meta property=\"og:locale\" content=\"es_ES\" \/>\n<meta property=\"og:type\" content=\"article\" \/>\n<meta property=\"og:title\" content=\"Solicitar Cat\u00e1logos - CMI Industries\" \/>\n<meta property=\"og:description\" content=\"Cont\u00e1ctenos para solicitar los cat\u00e1logos actualizados de CMI Industries y descubrir nuestra gama de maquinaria de embalaje.\" \/>\n<meta property=\"og:url\" content=\"https:\/\/www.cmiindustries.it\/es\/solicitar-catalogos\/\" \/>\n<meta property=\"og:site_name\" content=\"CMI Industries\" \/>\n<meta property=\"article:modified_time\" content=\"2024-01-26T12:19:20+00:00\" \/>\n<meta name=\"twitter:card\" content=\"summary_large_image\" \/>\n<meta name=\"twitter:label1\" content=\"Tiempo de lectura\" \/>\n\t<meta name=\"twitter:data1\" content=\"1 minuto\" \/>\n<script type=\"application\/ld+json\" class=\"yoast-schema-graph\">{\"@context\":\"https:\/\/schema.org\",\"@graph\":[{\"@type\":\"WebPage\",\"@id\":\"https:\/\/www.cmiindustries.it\/es\/solicitar-catalogos\/\",\"url\":\"https:\/\/www.cmiindustries.it\/es\/solicitar-catalogos\/\",\"name\":\"Solicitar Cat\u00e1logos - CMI Industries\",\"isPartOf\":{\"@id\":\"https:\/\/www.cmiindustries.it\/en\/#website\"},\"datePublished\":\"2023-01-11T11:45:40+00:00\",\"dateModified\":\"2024-01-26T12:19:20+00:00\",\"description\":\"Cont\u00e1ctenos para solicitar los cat\u00e1logos actualizados de CMI Industries y descubrir nuestra gama de maquinaria de embalaje.\",\"breadcrumb\":{\"@id\":\"https:\/\/www.cmiindustries.it\/es\/solicitar-catalogos\/#breadcrumb\"},\"inLanguage\":\"es\",\"potentialAction\":[{\"@type\":\"ReadAction\",\"target\":[\"https:\/\/www.cmiindustries.it\/es\/solicitar-catalogos\/\"]}]},{\"@type\":\"BreadcrumbList\",\"@id\":\"https:\/\/www.cmiindustries.it\/es\/solicitar-catalogos\/#breadcrumb\",\"itemListElement\":[{\"@type\":\"ListItem\",\"position\":1,\"name\":\"Home\",\"item\":\"https:\/\/www.cmiindustries.it\/es\/\"},{\"@type\":\"ListItem\",\"position\":2,\"name\":\"Solicitar Cat\u00e1logos\"}]},{\"@type\":\"WebSite\",\"@id\":\"https:\/\/www.cmiindustries.it\/en\/#website\",\"url\":\"https:\/\/www.cmiindustries.it\/en\/\",\"name\":\"CMI Industries\",\"description\":\"\",\"publisher\":{\"@id\":\"https:\/\/www.cmiindustries.it\/en\/#organization\"},\"potentialAction\":[{\"@type\":\"SearchAction\",\"target\":{\"@type\":\"EntryPoint\",\"urlTemplate\":\"https:\/\/www.cmiindustries.it\/en\/?s={search_term_string}\"},\"query-input\":{\"@type\":\"PropertyValueSpecification\",\"valueRequired\":true,\"valueName\":\"search_term_string\"}}],\"inLanguage\":\"es\"},{\"@type\":\"Organization\",\"@id\":\"https:\/\/www.cmiindustries.it\/en\/#organization\",\"name\":\"CMI Industries\",\"alternateName\":\"CMI Industries\",\"url\":\"https:\/\/www.cmiindustries.it\/en\/\",\"logo\":{\"@type\":\"ImageObject\",\"inLanguage\":\"es\",\"@id\":\"https:\/\/www.cmiindustries.it\/en\/#\/schema\/logo\/image\/\",\"url\":\"https:\/\/www.cmiindustries.it\/wp-content\/uploads\/2022\/12\/CMI_logo_sfumato_grigio-1.png\",\"contentUrl\":\"https:\/\/www.cmiindustries.it\/wp-content\/uploads\/2022\/12\/CMI_logo_sfumato_grigio-1.png\",\"width\":2077,\"height\":829,\"caption\":\"CMI Industries\"},\"image\":{\"@id\":\"https:\/\/www.cmiindustries.it\/en\/#\/schema\/logo\/image\/\"},\"sameAs\":[\"https:\/\/www.linkedin.com\/company\/cmiindustries\/\",\"https:\/\/www.youtube.com\/c\/CMISpa\"]}]}<\/script>\n<!-- \/ Yoast SEO plugin. -->","yoast_head_json":{"title":"Solicitar Cat\u00e1logos - CMI Industries","description":"Cont\u00e1ctenos para solicitar los cat\u00e1logos actualizados de CMI Industries y descubrir nuestra gama de maquinaria de embalaje.","robots":{"index":"index","follow":"follow","max-snippet":"max-snippet:-1","max-image-preview":"max-image-preview:large","max-video-preview":"max-video-preview:-1"},"canonical":"https:\/\/www.cmiindustries.it\/es\/solicitar-catalogos\/","og_locale":"es_ES","og_type":"article","og_title":"Solicitar Cat\u00e1logos - CMI Industries","og_description":"Cont\u00e1ctenos para solicitar los cat\u00e1logos actualizados de CMI Industries y descubrir nuestra gama de maquinaria de embalaje.","og_url":"https:\/\/www.cmiindustries.it\/es\/solicitar-catalogos\/","og_site_name":"CMI Industries","article_modified_time":"2024-01-26T12:19:20+00:00","twitter_card":"summary_large_image","twitter_misc":{"Tiempo de lectura":"1 minuto"},"schema":{"@context":"https:\/\/schema.org","@graph":[{"@type":"WebPage","@id":"https:\/\/www.cmiindustries.it\/es\/solicitar-catalogos\/","url":"https:\/\/www.cmiindustries.it\/es\/solicitar-catalogos\/","name":"Solicitar Cat\u00e1logos - CMI Industries","isPartOf":{"@id":"https:\/\/www.cmiindustries.it\/en\/#website"},"datePublished":"2023-01-11T11:45:40+00:00","dateModified":"2024-01-26T12:19:20+00:00","description":"Cont\u00e1ctenos para solicitar los cat\u00e1logos actualizados de CMI Industries y descubrir nuestra gama de maquinaria de embalaje.","breadcrumb":{"@id":"https:\/\/www.cmiindustries.it\/es\/solicitar-catalogos\/#breadcrumb"},"inLanguage":"es","potentialAction":[{"@type":"ReadAction","target":["https:\/\/www.cmiindustries.it\/es\/solicitar-catalogos\/"]}]},{"@type":"BreadcrumbList","@id":"https:\/\/www.cmiindustries.it\/es\/solicitar-catalogos\/#breadcrumb","itemListElement":[{"@type":"ListItem","position":1,"name":"Home","item":"https:\/\/www.cmiindustries.it\/es\/"},{"@type":"ListItem","position":2,"name":"Solicitar Cat\u00e1logos"}]},{"@type":"WebSite","@id":"https:\/\/www.cmiindustries.it\/en\/#website","url":"https:\/\/www.cmiindustries.it\/en\/","name":"CMI Industries","description":"","publisher":{"@id":"https:\/\/www.cmiindustries.it\/en\/#organization"},"potentialAction":[{"@type":"SearchAction","target":{"@type":"EntryPoint","urlTemplate":"https:\/\/www.cmiindustries.it\/en\/?s={search_term_string}"},"query-input":{"@type":"PropertyValueSpecification","valueRequired":true,"valueName":"search_term_string"}}],"inLanguage":"es"},{"@type":"Organization","@id":"https:\/\/www.cmiindustries.it\/en\/#organization","name":"CMI Industries","alternateName":"CMI Industries","url":"https:\/\/www.cmiindustries.it\/en\/","logo":{"@type":"ImageObject","inLanguage":"es","@id":"https:\/\/www.cmiindustries.it\/en\/#\/schema\/logo\/image\/","url":"https:\/\/www.cmiindustries.it\/wp-content\/uploads\/2022\/12\/CMI_logo_sfumato_grigio-1.png","contentUrl":"https:\/\/www.cmiindustries.it\/wp-content\/uploads\/2022\/12\/CMI_logo_sfumato_grigio-1.png","width":2077,"height":829,"caption":"CMI Industries"},"image":{"@id":"https:\/\/www.cmiindustries.it\/en\/#\/schema\/logo\/image\/"},"sameAs":["https:\/\/www.linkedin.com\/company\/cmiindustries\/","https:\/\/www.youtube.com\/c\/CMISpa"]}]}},"_links":{"self":[{"href":"https:\/\/www.cmiindustries.it\/es\/wp-json\/wp\/v2\/pages\/4540","targetHints":{"allow":["GET"]}}],"collection":[{"href":"https:\/\/www.cmiindustries.it\/es\/wp-json\/wp\/v2\/pages"}],"about":[{"href":"https:\/\/www.cmiindustries.it\/es\/wp-json\/wp\/v2\/types\/page"}],"author":[{"embeddable":true,"href":"https:\/\/www.cmiindustries.it\/es\/wp-json\/wp\/v2\/users\/8"}],"replies":[{"embeddable":true,"href":"https:\/\/www.cmiindustries.it\/es\/wp-json\/wp\/v2\/comments?post=4540"}],"version-history":[{"count":3,"href":"https:\/\/www.cmiindustries.it\/es\/wp-json\/wp\/v2\/pages\/4540\/revisions"}],"predecessor-version":[{"id":4557,"href":"https:\/\/www.cmiindustries.it\/es\/wp-json\/wp\/v2\/pages\/4540\/revisions\/4557"}],"wp:attachment":[{"href":"https:\/\/www.cmiindustries.it\/es\/wp-json\/wp\/v2\/media?parent=4540"}],"curies":[{"name":"wp","href":"https:\/\/api.w.org\/{rel}","templated":true}]}}