{"id":4649,"date":"2023-02-17T16:47:39","date_gmt":"2023-02-17T15:47:39","guid":{"rendered":"https:\/\/www.cmiindustries.it\/cookie-policy\/"},"modified":"2024-10-22T10:44:35","modified_gmt":"2024-10-22T08:44:35","slug":"cookie-policy","status":"publish","type":"page","link":"https:\/\/www.cmiindustries.it\/es\/cookie-policy\/","title":{"rendered":"Cookie policy"},"content":{"rendered":"<div style=\"padding-bottom: 30px;\">\n<h1>Cookie policy<\/h1>\n<p>Pol\u00edtica de cookies<br \/>\n1.\u00bfQu\u00e9 son las cookies?<\/p>\n<p>Las cookies son peque\u00f1os archivos de texto que los sitios visitados por los usuarios env\u00edan a sus terminales, donde se almacenan antes de ser retransmitidos a los mismos sitios en la siguiente visita. Las cookies de las llamadas Los \u201cterceros\u201d son, sin embargo, los establecidos por un sitio web distinto del que visita el usuario. Esto se debe a que en cada sitio pueden existir elementos (im\u00e1genes, mapas, sonidos, enlaces espec\u00edficos a p\u00e1ginas web de otros dominios, etc.) que residen en servidores distintos al del sitio visitado.<\/p>\n<p>2. \u00bfPara qu\u00e9 se utilizan las cookies?<\/p>\n<p>Las cookies se utilizan con distintas finalidades: realizar la autenticaci\u00f3n inform\u00e1tica, monitorizar sesiones, almacenar informaci\u00f3n de configuraciones espec\u00edficas de los usuarios que acceden al servidor, almacenar preferencias, etc.<\/p>\n<p>3. \u00bfQu\u00e9 son las cookies \u201ct\u00e9cnicas\u201d?<\/p>\n<p>Son cookies que se utilizan para navegar o prestar un servicio solicitado por el usuario. No se utilizan para otros fines y normalmente los instala directamente el propietario del sitio web.<\/p>\n<p>Sin el uso de estas cookies, algunas operaciones no podr\u00edan realizarse o ser\u00edan m\u00e1s complejas y\/o menos seguras, como por ejemplo actividades de home banking (consulta del extracto de cuenta, transferencias bancarias, pago de facturas, etc.), como por ejemplo Las cookies, que permiten identificar al usuario y mantenerla dentro de la sesi\u00f3n, son esenciales.<\/p>\n<p>4. \u00bfLas cookies de an\u00e1lisis son cookies \u00abt\u00e9cnicas\u00bb?<\/p>\n<p>No. El Garante (v\u00e9ase disposici\u00f3n del 8 de mayo de 2014) ha especificado que s\u00f3lo pueden asimilarse a cookies t\u00e9cnicas si son utilizadas con el fin de optimizar el sitio directamente por el propietario del sitio, que podr\u00e1 recopilar informaci\u00f3n agregada sobre el n\u00famero de usuarios y c\u00f3mo visitan el sitio. En estas condiciones, se aplican a las cookies anal\u00edticas las mismas reglas, en t\u00e9rminos de informaci\u00f3n y consentimiento, que para las cookies t\u00e9cnicas.<\/p>\n<p>5. \u00bfQu\u00e9 son las cookies de \u201cperfilado\u201d?<\/p>\n<p>Son cookies que se utilizan para realizar un seguimiento de la navegaci\u00f3n del usuario en Internet y elaborar perfiles sobre sus gustos, h\u00e1bitos, elecciones, etc. Mediante estas cookies se pueden transmitir mensajes publicitarios al terminal del usuario en funci\u00f3n de las preferencias ya expresadas por el usuario durante su navegaci\u00f3n en l\u00ednea.<\/p>\n<p>6. \u00bfEs necesario el consentimiento del usuario para la instalaci\u00f3n de cookies en su terminal?<\/p>\n<p>Depende de la finalidad para la que se utilicen las cookies y, por tanto, de si se trata de cookies \u00abt\u00e9cnicas\u00bb o \u00abde perfil\u00bb.<\/p>\n<p>No se requiere el consentimiento del usuario para la instalaci\u00f3n de cookies t\u00e9cnicas, aunque s\u00ed es necesario proporcionar informaci\u00f3n (art. 13 del C\u00f3digo de Privacidad). Las cookies de elaboraci\u00f3n de perfiles, en cambio, s\u00f3lo pueden instalarse en el terminal del usuario si \u00e9ste ha expresado su consentimiento tras haber sido informado de forma simplificada.<\/p>\n<p>&nbsp;<\/p>\n<p><strong>Los tipos de cookies que utilizamos<\/strong><\/p>\n<p><strong>Cookies necesarias<\/strong><\/p>\n<p>Las cookies necesarias son esenciales para las funciones b\u00e1sicas del sitio web y el sitio web no funcionar\u00e1 seg\u00fan lo previsto sin ellas.<\/p>\n<p>Estas cookies no almacenan datos de identificaci\u00f3n personal.<\/p>\n<table>\n<tbody>\n<tr>\n<td>Nombre del Cookie<\/td>\n<td>Caducidad<\/td>\n<td>Descripci\u00f3n<\/td>\n<\/tr>\n<tr>\n<td>cookieyes-consent<\/td>\n<td>1 a\u00f1o<\/td>\n<td>CookieYes configura esta cookie para recordar las preferencias de consentimiento de los usuarios para que sus preferencias se respeten en visitas posteriores a este sitio. No recopila ni almacena ninguna informaci\u00f3n personal de los visitantes del sitio.<\/td>\n<\/tr>\n<\/tbody>\n<\/table>\n<p>&nbsp;<\/p>\n<p><strong>Cookies funcionales<\/strong><\/p>\n<p>Las cookies funcionales ayudan a realizar determinadas funciones, como compartir contenido del sitio web en plataformas de redes sociales, recopilar comentarios y otras funciones de terceros.<\/p>\n<table>\n<tbody>\n<tr>\n<td>Nombre del Cookie<\/td>\n<td>Caducidad<\/td>\n<td>Descripci\u00f3n<\/td>\n<\/tr>\n<tr>\n<td>VISITOR_INFO1_LIVE<\/td>\n<td>5 meses 27 d\u00edas<\/td>\n<td>Una cookie configurada por YouTube para medir el ancho de banda que determina si el usuario inicia sesi\u00f3n en la interfaz del reproductor nueva o antigua.<\/td>\n<\/tr>\n<tr>\n<td>wp-wpml_current_language<\/td>\n<td>session<\/td>\n<td>El complemento multiling\u00fce de WordPress configura esta cookie para recordar el idioma\/configuraci\u00f3n de idioma actual.<\/td>\n<\/tr>\n<\/tbody>\n<\/table>\n<p style=\"font-weight: bold; margin: 0 0 5px 0;\">Cookies anal\u00edticas<\/p>\n<p>Las cookies anal\u00edticas se utilizan para comprender c\u00f3mo interact\u00faan los visitantes con el sitio web. Estas cookies ayudan a proporcionar informaci\u00f3n sobre m\u00e9tricas de n\u00famero de visitantes, tasa de rebote, fuente de tr\u00e1fico, etc.<br \/>\nLas cookies anal\u00edticas utilizadas en nuestro sitio son Matomo Analytics y YouTube.<\/p>\n<table>\n<tbody>\n<tr>\n<td>Nombre del Cookie<\/td>\n<td>Caducidad<\/td>\n<td>Descripci\u00f3n<\/td>\n<\/tr>\n<tr>\n<td>CONSENT<\/td>\n<td>2 a\u00f1os<\/td>\n<td>YouTube establece esta cookie a trav\u00e9s de v\u00eddeos de YouTube integrados y registra datos estad\u00edsticos an\u00f3nimos.<\/td>\n<\/tr>\n<tr>\n<td>_pk_id.*<\/td>\n<td>1 a\u00f1o y 27 d\u00edas<\/td>\n<td>Se utiliza para almacenar algunos detalles sobre el usuario, como la identificaci\u00f3n \u00fanica del visitante. Cookie de origen (almacenada en nuestros servidores de acuerdo con GDPR), instalada a trav\u00e9s del complemento Matomo.<\/td>\n<\/tr>\n<tr>\n<td>_pk_ses.*<\/td>\n<td>30 minutos<\/td>\n<td>Cookies de corta duraci\u00f3n utilizadas para almacenar temporalmente datos de su visita. Cookie de origen (almacenada en nuestros servidores de acuerdo con GDPR), instalada a trav\u00e9s del complemento Matomo.<\/td>\n<\/tr>\n<tr>\n<td>_ga_*<\/td>\n<td>1 a\u00f1o, 1 mes y 4 d\u00edas<\/td>\n<td>Google Analytics imposta questo cookie per memorizzare e contare le visualizzazioni di pagina.<\/td>\n<\/tr>\n<tr>\n<td>_ga1<\/td>\n<td>a\u00f1o 1 mes 4 d\u00edas<\/td>\n<td>Google Analytics utiliza esta cookie para calcular datos de visitantes, sesiones y campa\u00f1as y para realizar un seguimiento del uso del sitio para generar informes anal\u00edticos del sitio. La cookie almacena informaci\u00f3n de forma an\u00f3nima y asigna un n\u00famero generado aleatoriamente para reconocer visitantes \u00fanicos.<\/td>\n<\/tr>\n<\/tbody>\n<\/table>\n<p>&nbsp;<\/p>\n<p style=\"font-weight: bold; margin: 0 0 5px 0;\">Cookies publicitarias<\/p>\n<p>Las cookies publicitarias se utilizan para proporcionar a los visitantes anuncios personalizados basados \u200b\u200ben p\u00e1ginas visitadas anteriormente y para analizar la eficacia de la campa\u00f1a publicitaria.<\/p>\n<table>\n<tbody>\n<tr>\n<td>Nombre del Cookie<\/td>\n<td>Caducidad<\/td>\n<td>Descripci\u00f3n<\/td>\n<\/tr>\n<tr>\n<td>YSC<\/td>\n<td>session<\/td>\n<td>Youtube establece la cookie YSC y se utiliza para realizar un seguimiento de las vistas de v\u00eddeos incrustados en las p\u00e1ginas de Youtube.<\/td>\n<\/tr>\n<\/tbody>\n<\/table>\n<p><strong>Como bloquear las cookies<\/strong><\/p>\n<p id=\"matomo_opted_out_intro\" style=\"display:none;\">Opt-out complete; your visits to this website will not be recorded by the Web Analytics tool. Note that if you clear your cookies, delete the opt-out cookie, or if you change computers or Web browsers, you will need to perform the opt-out procedure again.<\/p><p id=\"matomo_opted_in_intro\" >You may choose to prevent this website from aggregating and analyzing the actions you take here. Doing so will protect your privacy, but will also prevent the owner from learning from your actions and creating a better experience for you and other users.<\/p><form>\n        <input type=\"checkbox\" id=\"matomo_optout_checkbox\" checked=\"checked\"\/>\n        <label for=\"matomo_optout_checkbox\"><strong>\n        <span id=\"matomo_opted_in_label\" >You are not opted out. Uncheck this box to opt-out.<\/span>\n\t\t<span id=\"matomo_opted_out_label\" style=\"display:none;\">You are currently opted out. Check this box to opt-in.<\/span>\n        <\/strong><\/label><\/form><noscript><p><strong style=\"color: #ff0000;\">This opt out feature requires JavaScript.<\/strong><\/p><\/noscript><p id=\"matomo_outout_err_cookies\" style=\"display: none;\"><strong>The tracking opt-out feature requires cookies to be enabled.<\/strong><\/p>\n<p>Puede evitar que Google detecte una cookie generada como resultado y relacionada con su uso de este sitio web (incluida su direcci\u00f3n IP) y procese estos datos descargando e instalando este complemento del navegador:<a href=\"https:\/\/tools.google.com\/dlpage\/gaoptout\" target=\"_blank\" rel=\"noopener\"> https:\/\/tools.google.com\/dlpage\/gaoptout<\/a><\/p>\n<h5 style=\"margin-top: 20px;\">A trav\u00e9s del navegador<\/h5>\n<p style=\"font-weight: bold; margin: 0 0 5px 0;\">Internet Explorer<\/p>\n<ul>\n<li>Haga clic en el \u00edcono de ajustes en la parte superior derecha del navegador.<\/li>\n<li>Seleccione el elemento \u00abOpciones de Internet\u00bb, luego haga clic en la pesta\u00f1a \u00abPrivacidad\u00bb y luego en el bot\u00f3n \u00abAvanzado\u00bb.<\/li>\n<li>Coloque la marca de verificaci\u00f3n junto al elemento \u00abReemplazar la gesti\u00f3n autom\u00e1tica de cookies\u00bb y seleccione \u00abBloquear\u00bb tanto bajo el t\u00edtulo \u00abCookies de sitios web\u00bb como bajo el t\u00edtulo\u00bbCookies de terceros\u00bb para desactivar las cookies respectivas.<\/li>\n<li>Luego haga clic en \u00abAceptar\u00bb<\/li>\n<\/ul>\n<p>NB.\u00a0Para autorizar cookies s\u00f3lo de ciertos sitios, haga clic en el bot\u00f3n \u00abSitios\u00bb, escriba la URL del sitio deseado y haga clic en \u00abPermitir\u00bb.<br \/>\nPara activar la funci\u00f3n \u00abNo rastrear\u00bb, haga clic en el \u00edcono de ajustes en la parte superior derecha, seleccione el elemento \u00abSeguridad\u00bb &gt; \u00abActivar solicitudes de No rastrear\u00bb en el men\u00fa que aparece y haga clic en el bot\u00f3n \u00abActivar\u00bb en la ventana que aparece se abre.<\/p>\n<p>&nbsp;<\/p>\n<p style=\"font-weight: bold; margin: 0 0 5px 0;\">Google Chrome<\/p>\n<ul>\n<li>Haga clic en el icono de men\u00fa en la parte superior derecha de su navegador.<\/li>\n<li>Seleccione el elemento \u00abConfiguraci\u00f3n\u00bb, luego haga clic en el elemento \u00abMostrar configuraci\u00f3n avanzada\u00bb y luego en el bot\u00f3n \u00abConfiguraci\u00f3n de contenido\u00bb.<\/li>\n<li>Coloque la marca de verificaci\u00f3n junto al elemento \u00abEvitar que los sitios configuren datos\u00bb y\/o junto al elemento \u00abBloquear cookies de terceros y datos de sitios\u00bb.<\/li>\n<li>Luego haga clic en \u00abFinalizar\u00bb<\/li>\n<\/ul>\n<p>N.B. Para autorizar cookies s\u00f3lo de ciertos sitios, haga clic en el bot\u00f3n \u00abAdministrar excepciones\u00bb, escriba la URL del sitio deseado, haga clic en \u00abPermitir\u00bb y luego en \u00abFinalizar\u00bb.<br \/>\nPara activar la funci\u00f3n \u00abNo rastrear\u00bb, regrese al men\u00fa \u00abConfiguraci\u00f3n\u00bb &gt; \u00abMostrar configuraci\u00f3n avanzada\u00bb en Chrome y marque la opci\u00f3n \u00abEnviar una solicitud de \u201cNo rastrear\u201d con su tr\u00e1fico de navegaci\u00f3n\u00bb.<\/p>\n<p>&nbsp;<\/p>\n<p style=\"font-weight: bold; margin: 0 0 5px 0;\">Firefox<\/p>\n<ul>\n<li>Haga clic en el icono de men\u00fa en la parte superior derecha del navegador.<\/li>\n<li>Seleccione el elemento \u00abOpciones\u00bb, luego haga clic en la pesta\u00f1a \u00abPrivacidad\u00bb<\/li>\n<li>En el men\u00fa desplegable \u00abConfiguraci\u00f3n del historial\u00bb, seleccione \u00abUsar configuraci\u00f3n personalizada\u00bb y anule la selecci\u00f3n de la opci\u00f3n \u00abAceptar cookies de sitios\u00bb. Si desea bloquear las cookies s\u00f3lo para sitios de terceros, configure el men\u00fa desplegable \u00abAceptar cookies de terceros\u00bb en \u00abNunca\u00bb.<\/li>\n<\/ul>\n<p>N.B. Para activar la funci\u00f3n \u00abNo rastrear\u00bb, regrese al men\u00fa \u00abOpciones\u00bb &gt; \u00abPrivacidad\u00bb en Firefox y marque la opci\u00f3n \u00abSolicitar que los sitios no rastreen\u00bb.<\/p>\n<p>&nbsp;<\/p>\n<p style=\"font-weight: bold; margin: 0 0 5px 0;\">Safari<\/p>\n<ul>\n<li>Seleccione \u00abPreferencias\u00bb en el men\u00fa Safari en la parte superior izquierda de su navegador.<\/li>\n<li>Seleccione el elemento \u00abPrivacidad\u00bb y luego haga clic en la casilla de verificaci\u00f3n \u00abBloquear siempre\u00bb.<\/li>\n<li>Alternativamente, si desea permitir cookies en un solo sitio web: visite este \u00faltimo, vuelva a la configuraci\u00f3n de privacidad de su navegador y seleccione la marca junto a \u00abPermitir solo desde el sitio web actual\u00bb.<\/li>\n<\/ul>\n<p>N.B. Para activar la funci\u00f3n \u00abNo rastrear\u00bb, regrese al \u00abMen\u00fa Safari\u00bb &gt; \u00abPreferencias\u00bb &gt; \u00abPrivacidad\u00bb y marque la casilla \u00abSolicitar a los sitios web que no me rastreen\u00bb.<\/p>\n<p>&nbsp;<\/p>\n<p style=\"font-weight: bold; margin: 0 0 5px 0;\">Bloquear cookies en dispositivos m\u00f3viles Android<\/p>\n<ul>\n<li>Chrome\n<ul>\n<li>Haga clic en el bot\u00f3n \u00abMen\u00fa\u00bb en la parte superior derecha del navegador.<\/li>\n<li>Seleccione el elemento \u00abConfiguraci\u00f3n\u00bb, luego haga clic en el elemento \u00abConfiguraci\u00f3n de contenido\u00bb y elimine la marca de \u00abAceptar cookies\u00bb.<\/li>\n<\/ul>\n<p>N.B. Para activar la funci\u00f3n \u00abNo rastrear\u00bb, vaya a \u00abConfiguraci\u00f3n\u00bb &gt; \u00abPrivacidad\u00bb, haga clic en el bot\u00f3n \u00abNo rastrear\u00bb y mueva la palanca en la parte superior derecha a ON.<\/li>\n<li>Firefox\n<ul>\n<li>Haga clic en el bot\u00f3n \u00abMen\u00fa\u00bb en la parte superior derecha del navegador.<\/li>\n<li>Seleccione el elemento \u00abConfiguraci\u00f3n\u00bb, luego haga clic en el elemento \u00abCookies\u00bb y marque \u00abDeshabilitadas\u00bb si desea deshabilitarlas por completo; de lo contrario, marque \u00abActivas, excluyendo a terceros\u00bb si desea deshabilitar las cookies solo para sitios de terceros.<\/li>\n<\/ul>\n<p>N.B. Para activar la funci\u00f3n \u00abNo rastrear\u00bb, haga clic en el elemento \u00abSeguimiento\u00bb y elija la opci\u00f3n \u00abSolicitar a los sitios que no realicen ning\u00fan seguimiento\u00bb en el cuadro que se abre.<\/li>\n<\/ul>\n<p style=\"font-weight: bold; margin: 0 0 5px 0;\">Bloquear cookies en dispositivos m\u00f3viles Apple<\/p>\n<ul>\n<li>Seleccione el elemento \u00abConfiguraci\u00f3n\u00bb en el men\u00fa de iOS ubicado en la pantalla de inicio<\/li>\n<li>Seleccione el icono de Safari en el men\u00fa que se abre<\/li>\n<li>En \u00abBloquear cookies\u00bb, marca la opci\u00f3n \u00abBloquear siempre\u00bb para desactivar completamente las cookies.<\/li>\n<\/ul>\n<p>N.B. Para activar la funci\u00f3n \u00abNo rastrear\u00bb, regrese al men\u00fa \u00abConfiguraci\u00f3n\u00bb &gt; \u00abSafari\u00bb y configure el interruptor del elemento \u00abNo rastrear\u00bb en \u00abON\u00bb.<\/p>\n<\/div>\n","protected":false},"excerpt":{"rendered":"<p>Cookie policy Pol\u00edtica de cookies 1.\u00bfQu\u00e9 son las cookies? Las cookies son peque\u00f1os archivos de texto que los sitios visitados por los usuarios env\u00edan a sus terminales, donde se almacenan antes de ser retransmitidos a los mismos sitios en la siguiente visita. Las cookies de las llamadas Los \u201cterceros\u201d son, sin embargo, los establecidos por&#8230;<\/p>\n","protected":false},"author":8,"featured_media":0,"parent":0,"menu_order":0,"comment_status":"closed","ping_status":"closed","template":"","meta":{"footnotes":""},"class_list":["post-4649","page","type-page","status-publish","hentry"],"yoast_head":"<!-- This site is optimized with the Yoast SEO plugin v26.8 - https:\/\/yoast.com\/product\/yoast-seo-wordpress\/ -->\n<title>Cookie policy - CMI Industries - Es<\/title>\n<meta name=\"description\" content=\"Informaci\u00f3n sobre nuestra pol\u00edtica de cookies y el responsable del tratamiento de datos.\" \/>\n<meta name=\"robots\" content=\"index, follow, max-snippet:-1, max-image-preview:large, max-video-preview:-1\" \/>\n<link rel=\"canonical\" href=\"https:\/\/www.cmiindustries.it\/es\/cookie-policy\/\" \/>\n<meta property=\"og:locale\" content=\"es_ES\" \/>\n<meta property=\"og:type\" content=\"article\" \/>\n<meta property=\"og:title\" content=\"Cookie policy - CMI Industries - Es\" \/>\n<meta property=\"og:description\" content=\"Informaci\u00f3n sobre nuestra pol\u00edtica de cookies y el responsable del tratamiento de datos.\" \/>\n<meta property=\"og:url\" content=\"https:\/\/www.cmiindustries.it\/es\/cookie-policy\/\" \/>\n<meta property=\"og:site_name\" content=\"CMI Industries\" \/>\n<meta property=\"article:modified_time\" content=\"2024-10-22T08:44:35+00:00\" \/>\n<meta name=\"twitter:card\" content=\"summary_large_image\" \/>\n<meta name=\"twitter:label1\" content=\"Tiempo de lectura\" \/>\n\t<meta name=\"twitter:data1\" content=\"9 minutos\" \/>\n<script type=\"application\/ld+json\" class=\"yoast-schema-graph\">{\"@context\":\"https:\/\/schema.org\",\"@graph\":[{\"@type\":\"WebPage\",\"@id\":\"https:\/\/www.cmiindustries.it\/es\/cookie-policy\/\",\"url\":\"https:\/\/www.cmiindustries.it\/es\/cookie-policy\/\",\"name\":\"Cookie policy - CMI Industries - Es\",\"isPartOf\":{\"@id\":\"https:\/\/www.cmiindustries.it\/en\/#website\"},\"datePublished\":\"2023-02-17T15:47:39+00:00\",\"dateModified\":\"2024-10-22T08:44:35+00:00\",\"description\":\"Informaci\u00f3n sobre nuestra pol\u00edtica de cookies y el responsable del tratamiento de datos.\",\"breadcrumb\":{\"@id\":\"https:\/\/www.cmiindustries.it\/es\/cookie-policy\/#breadcrumb\"},\"inLanguage\":\"es\",\"potentialAction\":[{\"@type\":\"ReadAction\",\"target\":[\"https:\/\/www.cmiindustries.it\/es\/cookie-policy\/\"]}]},{\"@type\":\"BreadcrumbList\",\"@id\":\"https:\/\/www.cmiindustries.it\/es\/cookie-policy\/#breadcrumb\",\"itemListElement\":[{\"@type\":\"ListItem\",\"position\":1,\"name\":\"Home\",\"item\":\"https:\/\/www.cmiindustries.it\/es\/\"},{\"@type\":\"ListItem\",\"position\":2,\"name\":\"Cookie policy\"}]},{\"@type\":\"WebSite\",\"@id\":\"https:\/\/www.cmiindustries.it\/en\/#website\",\"url\":\"https:\/\/www.cmiindustries.it\/en\/\",\"name\":\"CMI Industries\",\"description\":\"\",\"publisher\":{\"@id\":\"https:\/\/www.cmiindustries.it\/en\/#organization\"},\"potentialAction\":[{\"@type\":\"SearchAction\",\"target\":{\"@type\":\"EntryPoint\",\"urlTemplate\":\"https:\/\/www.cmiindustries.it\/en\/?s={search_term_string}\"},\"query-input\":{\"@type\":\"PropertyValueSpecification\",\"valueRequired\":true,\"valueName\":\"search_term_string\"}}],\"inLanguage\":\"es\"},{\"@type\":\"Organization\",\"@id\":\"https:\/\/www.cmiindustries.it\/en\/#organization\",\"name\":\"CMI Industries\",\"alternateName\":\"CMI Industries\",\"url\":\"https:\/\/www.cmiindustries.it\/en\/\",\"logo\":{\"@type\":\"ImageObject\",\"inLanguage\":\"es\",\"@id\":\"https:\/\/www.cmiindustries.it\/en\/#\/schema\/logo\/image\/\",\"url\":\"https:\/\/www.cmiindustries.it\/wp-content\/uploads\/2022\/12\/CMI_logo_sfumato_grigio-1.png\",\"contentUrl\":\"https:\/\/www.cmiindustries.it\/wp-content\/uploads\/2022\/12\/CMI_logo_sfumato_grigio-1.png\",\"width\":2077,\"height\":829,\"caption\":\"CMI Industries\"},\"image\":{\"@id\":\"https:\/\/www.cmiindustries.it\/en\/#\/schema\/logo\/image\/\"},\"sameAs\":[\"https:\/\/www.linkedin.com\/company\/cmiindustries\/\",\"https:\/\/www.youtube.com\/c\/CMISpa\"]}]}<\/script>\n<!-- \/ Yoast SEO plugin. -->","yoast_head_json":{"title":"Cookie policy - CMI Industries - Es","description":"Informaci\u00f3n sobre nuestra pol\u00edtica de cookies y el responsable del tratamiento de datos.","robots":{"index":"index","follow":"follow","max-snippet":"max-snippet:-1","max-image-preview":"max-image-preview:large","max-video-preview":"max-video-preview:-1"},"canonical":"https:\/\/www.cmiindustries.it\/es\/cookie-policy\/","og_locale":"es_ES","og_type":"article","og_title":"Cookie policy - CMI Industries - Es","og_description":"Informaci\u00f3n sobre nuestra pol\u00edtica de cookies y el responsable del tratamiento de datos.","og_url":"https:\/\/www.cmiindustries.it\/es\/cookie-policy\/","og_site_name":"CMI Industries","article_modified_time":"2024-10-22T08:44:35+00:00","twitter_card":"summary_large_image","twitter_misc":{"Tiempo de lectura":"9 minutos"},"schema":{"@context":"https:\/\/schema.org","@graph":[{"@type":"WebPage","@id":"https:\/\/www.cmiindustries.it\/es\/cookie-policy\/","url":"https:\/\/www.cmiindustries.it\/es\/cookie-policy\/","name":"Cookie policy - CMI Industries - Es","isPartOf":{"@id":"https:\/\/www.cmiindustries.it\/en\/#website"},"datePublished":"2023-02-17T15:47:39+00:00","dateModified":"2024-10-22T08:44:35+00:00","description":"Informaci\u00f3n sobre nuestra pol\u00edtica de cookies y el responsable del tratamiento de datos.","breadcrumb":{"@id":"https:\/\/www.cmiindustries.it\/es\/cookie-policy\/#breadcrumb"},"inLanguage":"es","potentialAction":[{"@type":"ReadAction","target":["https:\/\/www.cmiindustries.it\/es\/cookie-policy\/"]}]},{"@type":"BreadcrumbList","@id":"https:\/\/www.cmiindustries.it\/es\/cookie-policy\/#breadcrumb","itemListElement":[{"@type":"ListItem","position":1,"name":"Home","item":"https:\/\/www.cmiindustries.it\/es\/"},{"@type":"ListItem","position":2,"name":"Cookie policy"}]},{"@type":"WebSite","@id":"https:\/\/www.cmiindustries.it\/en\/#website","url":"https:\/\/www.cmiindustries.it\/en\/","name":"CMI Industries","description":"","publisher":{"@id":"https:\/\/www.cmiindustries.it\/en\/#organization"},"potentialAction":[{"@type":"SearchAction","target":{"@type":"EntryPoint","urlTemplate":"https:\/\/www.cmiindustries.it\/en\/?s={search_term_string}"},"query-input":{"@type":"PropertyValueSpecification","valueRequired":true,"valueName":"search_term_string"}}],"inLanguage":"es"},{"@type":"Organization","@id":"https:\/\/www.cmiindustries.it\/en\/#organization","name":"CMI Industries","alternateName":"CMI Industries","url":"https:\/\/www.cmiindustries.it\/en\/","logo":{"@type":"ImageObject","inLanguage":"es","@id":"https:\/\/www.cmiindustries.it\/en\/#\/schema\/logo\/image\/","url":"https:\/\/www.cmiindustries.it\/wp-content\/uploads\/2022\/12\/CMI_logo_sfumato_grigio-1.png","contentUrl":"https:\/\/www.cmiindustries.it\/wp-content\/uploads\/2022\/12\/CMI_logo_sfumato_grigio-1.png","width":2077,"height":829,"caption":"CMI Industries"},"image":{"@id":"https:\/\/www.cmiindustries.it\/en\/#\/schema\/logo\/image\/"},"sameAs":["https:\/\/www.linkedin.com\/company\/cmiindustries\/","https:\/\/www.youtube.com\/c\/CMISpa"]}]}},"_links":{"self":[{"href":"https:\/\/www.cmiindustries.it\/es\/wp-json\/wp\/v2\/pages\/4649","targetHints":{"allow":["GET"]}}],"collection":[{"href":"https:\/\/www.cmiindustries.it\/es\/wp-json\/wp\/v2\/pages"}],"about":[{"href":"https:\/\/www.cmiindustries.it\/es\/wp-json\/wp\/v2\/types\/page"}],"author":[{"embeddable":true,"href":"https:\/\/www.cmiindustries.it\/es\/wp-json\/wp\/v2\/users\/8"}],"replies":[{"embeddable":true,"href":"https:\/\/www.cmiindustries.it\/es\/wp-json\/wp\/v2\/comments?post=4649"}],"version-history":[{"count":3,"href":"https:\/\/www.cmiindustries.it\/es\/wp-json\/wp\/v2\/pages\/4649\/revisions"}],"predecessor-version":[{"id":4652,"href":"https:\/\/www.cmiindustries.it\/es\/wp-json\/wp\/v2\/pages\/4649\/revisions\/4652"}],"wp:attachment":[{"href":"https:\/\/www.cmiindustries.it\/es\/wp-json\/wp\/v2\/media?parent=4649"}],"curies":[{"name":"wp","href":"https:\/\/api.w.org\/{rel}","templated":true}]}}